{"id":2403,"date":"2025-10-02T12:54:57","date_gmt":"2025-10-02T12:54:57","guid":{"rendered":"https:\/\/boscolearning.fr\/?page_id=2403"},"modified":"2025-10-07T14:48:04","modified_gmt":"2025-10-07T14:48:04","slug":"mentions-legales","status":"publish","type":"page","link":"https:\/\/boscolearning.fr\/index.php\/mentions-legales\/","title":{"rendered":"Mentions l\u00e9gales"},"content":{"rendered":"\t\t<div data-elementor-type=\"wp-page\" data-elementor-id=\"2403\" class=\"elementor elementor-2403\">\n\t\t\t\t<div class=\"elementor-element elementor-element-8b9b30d e-flex e-con-boxed e-con e-parent\" data-id=\"8b9b30d\" data-element_type=\"container\" data-e-type=\"container\">\n\t\t\t\t\t<div class=\"e-con-inner\">\n\t\t\t\t<div class=\"elementor-element elementor-element-563f908 elementor-widget elementor-widget-heading\" data-id=\"563f908\" data-element_type=\"widget\" data-e-type=\"widget\" data-widget_type=\"heading.default\">\n\t\t\t\t\t<h2 class=\"elementor-heading-title elementor-size-default\">Mentions l\u00e9gales<\/h2>\t\t\t\t<\/div>\n\t\t\t\t\t<\/div>\n\t\t\t\t<\/div>\n\t\t<div class=\"elementor-element elementor-element-34a3c3e e-flex e-con-boxed e-con e-parent\" data-id=\"34a3c3e\" data-element_type=\"container\" data-e-type=\"container\">\n\t\t\t\t\t<div class=\"e-con-inner\">\n\t\t\t\t<div class=\"elementor-element elementor-element-b9a201e elementor-widget-divider--view-line elementor-widget elementor-widget-divider\" data-id=\"b9a201e\" data-element_type=\"widget\" data-e-type=\"widget\" data-widget_type=\"divider.default\">\n\t\t\t\t\t\t\t<div class=\"elementor-divider\">\n\t\t\t<span class=\"elementor-divider-separator\">\n\t\t\t\t\t\t<\/span>\n\t\t<\/div>\n\t\t\t\t\t\t<\/div>\n\t\t\t\t\t<\/div>\n\t\t\t\t<\/div>\n\t\t<div class=\"elementor-element elementor-element-6c6a50c8 e-flex e-con-boxed e-con e-parent\" data-id=\"6c6a50c8\" data-element_type=\"container\" data-e-type=\"container\">\n\t\t\t\t\t<div class=\"e-con-inner\">\n\t\t\t\t<div class=\"elementor-element elementor-element-25042dd0 elementor-widget elementor-widget-text-editor\" data-id=\"25042dd0\" data-element_type=\"widget\" data-e-type=\"widget\" data-widget_type=\"text-editor.default\">\n\t\t\t\t\t\t\t\t\t<p><\/p>\n<p><strong class=\"privacy-policy-tutorial\">Site internet :<\/strong>\u00a0http:\/\/boscolearning.fr.<\/p>\n<p><strong>\u00c9diteur : <\/strong>SARL BOS.CO au capital social de 1 000 \u20ac<br \/>Immatricul\u00e9e au RCS de Saint-Brieuc sous le num\u00e9ro 934 880 436<br \/>N\u00b0 de TVA intracommunautaire : FR04934880436<br \/>Si\u00e8ge social : 10 rue des Primev\u00e8res \u2013 22560 Tr\u00e9beurden \u2013 France<br \/>Email :\u00a0contact@boscolearning.fr<br \/>T\u00e9l\u00e9phone : 06 48 22 25 78 \/ 06 62 26 35 42<\/p>\n<p><\/p>\n<p><strong class=\"privacy-policy-tutorial\">Direction de la publication : <\/strong>Philippe BARBOT et Lo\u00efc SIMON, G\u00e9rants de la soci\u00e9t\u00e9.<\/p>\n<p><\/p>\n<p><strong class=\"privacy-policy-tutorial\">R\u00e9alisation du site : <\/strong>Laura HOTZ \u2013 Auto-entrepreneur<br \/>677B, Avenue de la R\u00e9publique \u2013 59800 Lille<\/p>\n<p><\/p>\n<p><strong class=\"privacy-policy-tutorial\">H\u00e9bergement : <\/strong>OVH SAS \u2013 au capital de 50 000 000 \u20ac<br \/>RCS Roubaix\u2013Tourcoing 424 761 419 00045<br \/>Code APE 6311Z \u2013 N\u00b0 TVA : FR 22 424 761 419<br \/>Si\u00e8ge social : 2 rue Kellermann \u2013 59100 Roubaix \u2013 France<\/p>\n<p><\/p>\n<p><strong class=\"privacy-policy-tutorial\">Responsabilit\u00e9 : <\/strong>Le propri\u00e9taire du site met \u00e0 disposition des informations et s\u2019efforce d\u2019en assurer<br \/>l\u2019exactitude. Il se r\u00e9serve le droit de modifier le contenu \u00e0 tout moment.<br \/>Toutes les marques cit\u00e9es appartiennent \u00e0 leurs soci\u00e9t\u00e9s respectives. Les produits, logos et<br \/>images mentionn\u00e9s restent la propri\u00e9t\u00e9 de leurs marques respectives.<\/p>\n<p><\/p>\n<p><strong class=\"privacy-policy-tutorial\">Liens hypertextes : <\/strong>Les liens pr\u00e9sents vers d\u2019autres sites externes n\u2019engagent pas la responsabilit\u00e9 de BOS.CO<br \/>quant au contenu de ces sites.<\/p>\n<p><\/p>\t\t\t\t\t\t\t\t<\/div>\n\t\t\t\t\t<\/div>\n\t\t\t\t<\/div>\n\t\t\t\t<\/div>\n\t\t","protected":false},"excerpt":{"rendered":"<p>Mentions l\u00e9gales Site internet :\u00a0http:\/\/boscolearning.fr. \u00c9diteur : SARL BOS.CO au capital social de 1 000 \u20acImmatricul\u00e9e au RCS de Saint-Brieuc sous le num\u00e9ro 934 880 436N\u00b0 de TVA intracommunautaire : FR04934880436Si\u00e8ge social : 10 rue des Primev\u00e8res \u2013 22560 Tr\u00e9beurden \u2013 FranceEmail :\u00a0contact@boscolearning.frT\u00e9l\u00e9phone : 06 48 22 25 78 \/ 06 62 26 35 42 [&hellip;]<\/p>\n","protected":false},"author":1,"featured_media":0,"parent":0,"menu_order":0,"comment_status":"closed","ping_status":"open","template":"","meta":{"footnotes":""},"class_list":["post-2403","page","type-page","status-publish","hentry"],"blocksy_meta":{"disable_header":"no","styles_descriptor":{"styles":{"desktop":"","tablet":"","mobile":""},"google_fonts":[],"version":6},"has_hero_section":"disabled"},"yoast_head":"<!-- This site is optimized with the Yoast SEO plugin v27.3 - https:\/\/yoast.com\/product\/yoast-seo-wordpress\/ -->\n<title>Mentions l\u00e9gales \u2013 Bosco<\/title>\n<meta name=\"description\" content=\"Consultez les mentions l\u00e9gales et la politique de confidentialit\u00e9 du site Bosco. Informations sur l\u2019utilisation et la protection de vos donn\u00e9es.\" \/>\n<meta name=\"robots\" content=\"noindex, follow\" \/>\n<meta property=\"og:locale\" content=\"fr_FR\" \/>\n<meta property=\"og:type\" content=\"article\" \/>\n<meta property=\"og:title\" content=\"Mentions l\u00e9gales \u2013 Bosco\" \/>\n<meta property=\"og:description\" content=\"Consultez les mentions l\u00e9gales et la politique de confidentialit\u00e9 du site Bosco. Informations sur l\u2019utilisation et la protection de vos donn\u00e9es.\" \/>\n<meta property=\"og:url\" content=\"http:\/\/boscolearning.fr\/index.php\/mentions-legales\/\" \/>\n<meta property=\"og:site_name\" content=\"Bos.co\" \/>\n<meta property=\"article:modified_time\" content=\"2025-10-07T14:48:04+00:00\" \/>\n<meta name=\"twitter:card\" content=\"summary_large_image\" \/>\n<meta name=\"twitter:label1\" content=\"Dur\u00e9e de lecture estim\u00e9e\" \/>\n\t<meta name=\"twitter:data1\" content=\"1 minute\" \/>\n<script type=\"application\/ld+json\" class=\"yoast-schema-graph\">{\"@context\":\"https:\\\/\\\/schema.org\",\"@graph\":[{\"@type\":\"WebPage\",\"@id\":\"http:\\\/\\\/boscolearning.fr\\\/index.php\\\/mentions-legales\\\/\",\"url\":\"http:\\\/\\\/boscolearning.fr\\\/index.php\\\/mentions-legales\\\/\",\"name\":\"Mentions l\u00e9gales \u2013 Bosco\",\"isPartOf\":{\"@id\":\"http:\\\/\\\/boscolearning.fr\\\/#website\"},\"datePublished\":\"2025-10-02T12:54:57+00:00\",\"dateModified\":\"2025-10-07T14:48:04+00:00\",\"description\":\"Consultez les mentions l\u00e9gales et la politique de confidentialit\u00e9 du site Bosco. Informations sur l\u2019utilisation et la protection de vos donn\u00e9es.\",\"breadcrumb\":{\"@id\":\"http:\\\/\\\/boscolearning.fr\\\/index.php\\\/mentions-legales\\\/#breadcrumb\"},\"inLanguage\":\"fr-FR\",\"potentialAction\":[{\"@type\":\"ReadAction\",\"target\":[\"http:\\\/\\\/boscolearning.fr\\\/index.php\\\/mentions-legales\\\/\"]}]},{\"@type\":\"BreadcrumbList\",\"@id\":\"http:\\\/\\\/boscolearning.fr\\\/index.php\\\/mentions-legales\\\/#breadcrumb\",\"itemListElement\":[{\"@type\":\"ListItem\",\"position\":1,\"name\":\"Accueil\",\"item\":\"https:\\\/\\\/boscolearning.fr\\\/\"},{\"@type\":\"ListItem\",\"position\":2,\"name\":\"Mentions l\u00e9gales\"}]},{\"@type\":\"WebSite\",\"@id\":\"http:\\\/\\\/boscolearning.fr\\\/#website\",\"url\":\"http:\\\/\\\/boscolearning.fr\\\/\",\"name\":\"Bos.co\",\"description\":\"Formations ludiques et interactives\",\"publisher\":{\"@id\":\"http:\\\/\\\/boscolearning.fr\\\/#organization\"},\"alternateName\":\"Bosco learning\",\"potentialAction\":[{\"@type\":\"SearchAction\",\"target\":{\"@type\":\"EntryPoint\",\"urlTemplate\":\"http:\\\/\\\/boscolearning.fr\\\/?s={search_term_string}\"},\"query-input\":{\"@type\":\"PropertyValueSpecification\",\"valueRequired\":true,\"valueName\":\"search_term_string\"}}],\"inLanguage\":\"fr-FR\"},{\"@type\":\"Organization\",\"@id\":\"http:\\\/\\\/boscolearning.fr\\\/#organization\",\"name\":\"Bos.co\",\"alternateName\":\"Bosco learning\",\"url\":\"http:\\\/\\\/boscolearning.fr\\\/\",\"logo\":{\"@type\":\"ImageObject\",\"inLanguage\":\"fr-FR\",\"@id\":\"http:\\\/\\\/boscolearning.fr\\\/#\\\/schema\\\/logo\\\/image\\\/\",\"url\":\"https:\\\/\\\/boscolearning.fr\\\/wp-content\\\/uploads\\\/2025\\\/09\\\/BOS.CO_logo_bleu-1.png\",\"contentUrl\":\"https:\\\/\\\/boscolearning.fr\\\/wp-content\\\/uploads\\\/2025\\\/09\\\/BOS.CO_logo_bleu-1.png\",\"width\":1,\"height\":1,\"caption\":\"Bos.co\"},\"image\":{\"@id\":\"http:\\\/\\\/boscolearning.fr\\\/#\\\/schema\\\/logo\\\/image\\\/\"}}]}<\/script>\n<!-- \/ Yoast SEO plugin. -->","yoast_head_json":{"title":"Mentions l\u00e9gales \u2013 Bosco","description":"Consultez les mentions l\u00e9gales et la politique de confidentialit\u00e9 du site Bosco. Informations sur l\u2019utilisation et la protection de vos donn\u00e9es.","robots":{"index":"noindex","follow":"follow"},"og_locale":"fr_FR","og_type":"article","og_title":"Mentions l\u00e9gales \u2013 Bosco","og_description":"Consultez les mentions l\u00e9gales et la politique de confidentialit\u00e9 du site Bosco. Informations sur l\u2019utilisation et la protection de vos donn\u00e9es.","og_url":"http:\/\/boscolearning.fr\/index.php\/mentions-legales\/","og_site_name":"Bos.co","article_modified_time":"2025-10-07T14:48:04+00:00","twitter_card":"summary_large_image","twitter_misc":{"Dur\u00e9e de lecture estim\u00e9e":"1 minute"},"schema":{"@context":"https:\/\/schema.org","@graph":[{"@type":"WebPage","@id":"http:\/\/boscolearning.fr\/index.php\/mentions-legales\/","url":"http:\/\/boscolearning.fr\/index.php\/mentions-legales\/","name":"Mentions l\u00e9gales \u2013 Bosco","isPartOf":{"@id":"http:\/\/boscolearning.fr\/#website"},"datePublished":"2025-10-02T12:54:57+00:00","dateModified":"2025-10-07T14:48:04+00:00","description":"Consultez les mentions l\u00e9gales et la politique de confidentialit\u00e9 du site Bosco. Informations sur l\u2019utilisation et la protection de vos donn\u00e9es.","breadcrumb":{"@id":"http:\/\/boscolearning.fr\/index.php\/mentions-legales\/#breadcrumb"},"inLanguage":"fr-FR","potentialAction":[{"@type":"ReadAction","target":["http:\/\/boscolearning.fr\/index.php\/mentions-legales\/"]}]},{"@type":"BreadcrumbList","@id":"http:\/\/boscolearning.fr\/index.php\/mentions-legales\/#breadcrumb","itemListElement":[{"@type":"ListItem","position":1,"name":"Accueil","item":"https:\/\/boscolearning.fr\/"},{"@type":"ListItem","position":2,"name":"Mentions l\u00e9gales"}]},{"@type":"WebSite","@id":"http:\/\/boscolearning.fr\/#website","url":"http:\/\/boscolearning.fr\/","name":"Bos.co","description":"Formations ludiques et interactives","publisher":{"@id":"http:\/\/boscolearning.fr\/#organization"},"alternateName":"Bosco learning","potentialAction":[{"@type":"SearchAction","target":{"@type":"EntryPoint","urlTemplate":"http:\/\/boscolearning.fr\/?s={search_term_string}"},"query-input":{"@type":"PropertyValueSpecification","valueRequired":true,"valueName":"search_term_string"}}],"inLanguage":"fr-FR"},{"@type":"Organization","@id":"http:\/\/boscolearning.fr\/#organization","name":"Bos.co","alternateName":"Bosco learning","url":"http:\/\/boscolearning.fr\/","logo":{"@type":"ImageObject","inLanguage":"fr-FR","@id":"http:\/\/boscolearning.fr\/#\/schema\/logo\/image\/","url":"https:\/\/boscolearning.fr\/wp-content\/uploads\/2025\/09\/BOS.CO_logo_bleu-1.png","contentUrl":"https:\/\/boscolearning.fr\/wp-content\/uploads\/2025\/09\/BOS.CO_logo_bleu-1.png","width":1,"height":1,"caption":"Bos.co"},"image":{"@id":"http:\/\/boscolearning.fr\/#\/schema\/logo\/image\/"}}]}},"_links":{"self":[{"href":"https:\/\/boscolearning.fr\/index.php\/wp-json\/wp\/v2\/pages\/2403","targetHints":{"allow":["GET"]}}],"collection":[{"href":"https:\/\/boscolearning.fr\/index.php\/wp-json\/wp\/v2\/pages"}],"about":[{"href":"https:\/\/boscolearning.fr\/index.php\/wp-json\/wp\/v2\/types\/page"}],"author":[{"embeddable":true,"href":"https:\/\/boscolearning.fr\/index.php\/wp-json\/wp\/v2\/users\/1"}],"replies":[{"embeddable":true,"href":"https:\/\/boscolearning.fr\/index.php\/wp-json\/wp\/v2\/comments?post=2403"}],"version-history":[{"count":1,"href":"https:\/\/boscolearning.fr\/index.php\/wp-json\/wp\/v2\/pages\/2403\/revisions"}],"predecessor-version":[{"id":2421,"href":"https:\/\/boscolearning.fr\/index.php\/wp-json\/wp\/v2\/pages\/2403\/revisions\/2421"}],"wp:attachment":[{"href":"https:\/\/boscolearning.fr\/index.php\/wp-json\/wp\/v2\/media?parent=2403"}],"curies":[{"name":"wp","href":"https:\/\/api.w.org\/{rel}","templated":true}]}}